{"id":1633,"date":"2020-11-06T19:30:07","date_gmt":"2020-11-06T19:30:07","guid":{"rendered":"http:\/\/ieselmedano.org\/?page_id=1633"},"modified":"2023-01-08T19:18:10","modified_gmt":"2023-01-08T19:18:10","slug":"proyecto-digital-cada-alumn-con-su-dispositivo","status":"publish","type":"page","link":"https:\/\/ieselmedano.org\/index.php\/equipo-directivo\/proyecto-digital-cada-alumn-con-su-dispositivo\/","title":{"rendered":"Proyecto digital: cada alumn@ con su dispositivo"},"content":{"rendered":"<div class=\"wp-block-image\">\n<figure class=\"aligncenter size-large\"><img loading=\"lazy\" decoding=\"async\" width=\"1024\" height=\"168\" src=\"https:\/\/ieselmedano.org\/wp-content\/uploads\/2023\/01\/A1-1024x168.png\" alt=\"\" class=\"wp-image-2739\" srcset=\"https:\/\/ieselmedano.org\/wp-content\/uploads\/2023\/01\/A1-1024x168.png 1024w, https:\/\/ieselmedano.org\/wp-content\/uploads\/2023\/01\/A1-300x49.png 300w, https:\/\/ieselmedano.org\/wp-content\/uploads\/2023\/01\/A1-768x126.png 768w, https:\/\/ieselmedano.org\/wp-content\/uploads\/2023\/01\/A1.png 1130w\" sizes=\"(max-width: 1024px) 100vw, 1024px\" \/><\/figure><\/div>\n\n\n<p><span style=\"color: #000000;\">Desde hace varios cursos, el Proyecto Educativo del IES EL M\u00c9DANO ha venido realizando cambios transformadores en el desarrollo de la competencia digital y en la puesta en pr\u00e1ctica de metodolog\u00edas activas y participativas, como una de sus principales l\u00edneas de trabajo.<\/span><\/p>\n<p><span style=\"color: #000000;\">Desde el pilotaje del Programa Br\u00fajula 20 durante los cursos 2018\/19 y 2019\/20 se sustituy\u00f3 la compra de libros por la interacci\u00f3n de recursos y materiales en el Espacio Virtual de Aprendizaje (GoogleClassroom). En estos a\u00f1os hemos comprobado que entre los mejores dispositivos para acceder a nuestras Aulas Virtuales est\u00e1 el Chromebook; similar a un port\u00e1til, pero mucho m\u00e1s barato.<\/span><\/p>\n<p><span style=\"color: #000000;\">El desarrollo de este proyecto \u201cun dispositivo x alumn@\u201d no hubiera sido posible sin la colaboraci\u00f3n de las familias. Por este motivo continuamos proponiendo la compra del Chromebook para la continuidad formativa en el Centro e incluso seguir su uso una vez finalizada su etapa educativa en el Instituto.<\/span><\/p>\n<p><span style=\"color: #000000;\">Cuando hablamos del Chromebook, nos estamos refiriendo a un port\u00e1til con el sistema operativo Chrome integrado. Esta herramienta est\u00e1 muy orientada a alumnado de diferentes edades y presenta muchas ventajas como las siguientes:<\/span><\/p>\n<ul>\n<li>\n<p><span style=\"color: #000000;\"><b>Funciona offline<\/b>. No habr\u00e1 que preocuparse por la conexi\u00f3n a Internet porque este dispositivo permite acceder a las aplicaciones con la modalidad de uso sin Internet.<\/span><\/p>\n<\/li>\n<li>\n<p><span style=\"color: #000000;\"><b>Sin virus<\/b>. Al tratarse de un sistema desarrollado sobre una web de Google no hay posibilidad de ser afectados por ning\u00fan tipo de virus inform\u00e1tico que afecte al centro educativo.<\/span><\/p>\n<\/li>\n<li>\n<p><span style=\"color: #000000;\"><b>Autonom\u00eda<\/b>. Los Chromebook poseen, con una carga completa, una bater\u00eda de 10 horas, es decir, m\u00e1s tiempo de lo que dura la jornada educativa.<\/span><\/p>\n<\/li>\n<li>\n<p><span style=\"color: #000000;\"><b>Precio competitivo<\/b>. Cuesta mucho menos que un port\u00e1til convencional y posee unas caracter\u00edsticas similares, lo que supone una buena inversi\u00f3n.<\/span><\/p>\n<\/li>\n<li>\n<p><span style=\"color: #000000;\"><b>Rapidez<\/b>. 8 segundos como m\u00e1ximo es lo que tarda un Chromebook en encenderse. Adem\u00e1s, la velocidad de navegaci\u00f3n interna es r\u00e1pida. De este modo se evita la p\u00e9rdida de tiempo y posibles distracciones del alumnado.<\/span><\/p>\n<\/li>\n<li>\n<p><span style=\"color: #000000;\"><b>Resistencia y durabilidad<\/b>. Son dispositivos dirigidos a alumnado, por lo que son muy resistentes a las ca\u00eddas y golpes. Su uso puede prolongarse a lo largo de toda la etapa educativa del Instituto y m\u00e1s all\u00e1 de esta.<\/span><\/p>\n<\/li>\n<li>\n<p><span style=\"color: #000000;\"><b>Fomenta e trabajo en equipo<\/b>. Como permite la colaboraci\u00f3n online de grupos de estudiantes, se pueden establecer equipos de alumnos para realizar una misma tarea. De este modo se potencia el intercambio de conocimientos y se produce una comunicaci\u00f3n bidireccional en la que educadores y estudiantes trabajan conjuntamente. A todo nuestro alumnado le daremos un correo corporativo.<\/span><\/p>\n<\/li>\n<\/ul>\n<p><span style=\"color: #000000;\">Por estas razones, el IES EL M\u00c9DANO pretende seguir con esta l\u00ednea estrat\u00e9gica de desarrollo de la competencia digital de nuestro alumnado. Los objetivos son abaratar los costes lo m\u00e1s posible por la centralizaci\u00f3n de la entrega, conseguir facilidades de pago y poseer un seguro de accidentes. En el caso de que alg\u00fan alumno\/a tenga beca de pr\u00e9stamo de dispositivos, se le entregar\u00eda uno de pr\u00e9stamo por parte del centro.<\/span><\/p>\n<p><span style=\"color: #000000;\">Se ha configurado 2 opciones de Chromebook (t\u00e1ctil y pantalla 360\u00ba y no t\u00e1ctil y pantalla 180\u00ba) con posibilidades de financiaci\u00f3n de hasta 12 meses y diferentes formas de pago. Ambos dispositivos tienen incluidos en su precio un seguro de accidentes por tres a\u00f1os. La oferta est\u00e1 abierta a toda la comunidad educativa. Las familias podr\u00e1n realizar la compra a trav\u00e9s nuestra p\u00e1gina web (www.ieselmedano.org), elegir el modo de pago y aumentar el seguro un a\u00f1o m\u00e1s, si estuvieran interesados. La entrega ser\u00eda en nuestro Instituto por parte de la empresa. Las familias que opten por esta opci\u00f3n dispondr\u00e1n de un dispositivo botiqu\u00edn de sustituci\u00f3n mientras dure el arreglo en el servicio t\u00e9cnico. El IES EL M\u00c9DANO no tiene ning\u00fan beneficio de esta compra.<\/span><\/p>\n<p><span style=\"color: #000000;\">Las compras que se realicen durante el verano se entregar\u00e1n la primera semana de clases de septiembre. Las compras que se realicen en septiembre y durante el curso se recibir\u00e1n por mensajer\u00eda un par de semanas m\u00e1s tarde.<\/span><\/p>\n<p><span style=\"background-color: #ffff00; color: #000000;\"><b>El alumnado podr\u00e1 traer cualquier otro dispositivo diferente a un Chromebook<\/b>. Las caracter\u00edsticas que recomendamos que tenga ese dispositivos son las siguientes:<\/span><\/p>\n<ul>\n<li>\n<p><span style=\"background-color: #ffff00; color: #000000;\">En la medida de las posibilidades, no recomendamos tablet, ya que su funcionamiento est\u00e1 limitado por trabajar mediante Apps.<\/span><\/p>\n<\/li>\n<li>\n<p><span style=\"background-color: #ffff00; color: #000000;\">El sistema operativo que recomendamos es el OS de Google, por su facilidad de gesti\u00f3n para el entorno educativos, hablamos entonces de dispositivos Chromebook. No obstante, cualquier otro sistema operativo puede trabajar con las herramientas de Google (Apple, Windows, etc.)<\/span><\/p>\n<\/li>\n<li>\n<p><span style=\"background-color: #ffff00; color: #000000;\">Recomendamos que los dispositivos adquiridos tengan un seguro de accidentes para los pr\u00f3ximos cursos. Esto permite hacer una inversi\u00f3n segura una \u00fanica vez ante posibles accidentes.<\/span><\/p>\n<\/li>\n<\/ul>\n<p><span style=\"color: #000000;\">Una vez la familia recoja su dispositivo, firmar\u00e1 un contrato de responsabilidad de uso con las siguientes normas:<\/span><\/p>\n<ul>\n<li>\n<p><span style=\"color: #000000;\">El dispositivo debe venir cargado de casa. Es responsabilidad del alumno\/a asegurarse de que el ordenador tiene la suficiente carga para trabajar en el centro.<\/span><\/p>\n<\/li>\n<\/ul>\n<ul>\n<li>\n<p><span style=\"color: #000000;\">La c\u00e1mara del dispositivo tiene que estar tapada con una pegatina. S\u00f3lo se retirar\u00e1 si es indicado por el docente para alguna actividad concreta.<\/span><\/p>\n<\/li>\n<\/ul>\n<ul>\n<li>\n<p><span style=\"color: #000000;\">El alumnado debe identificar su dispositivo de tal manera que lo reconozca y tener apuntado el n\u00famero de serie.<\/span><\/p>\n<\/li>\n<\/ul>\n<ul>\n<li>\n<p><span style=\"color: #000000;\">El dispositivo es responsabilidad del alumno\/a. Se habilita un armario en el aula para guardarlos en el recreo o cambios de clase.<\/span><\/p>\n<\/li>\n<\/ul>\n<ul>\n<li>\n<p><span style=\"color: #000000;\">Los alumnos\/as s\u00f3lo podr\u00e1n usar el dispositivo para un fin educativo y con la supervisi\u00f3n de los docentes. Cualquier otro uso que no est\u00e9 autorizado podr\u00e1 derivar en un parte de incidencias.<\/span><\/p>\n<\/li>\n<\/ul>\n<ul>\n<li>\n<p><span style=\"color: #000000;\">Fuera del centro son las familias las que velar\u00e1n por el buen uso tanto del dispositivo como de la tecnolog\u00eda.<\/span><\/p>\n<\/li>\n<\/ul>\n\n\n\n<figure class=\"wp-block-pullquote is-style-default has-border-color has-vivid-red-border-color\"><blockquote><p><strong><a href=\"https:\/\/ieselmedano.tiendacco.es\/\" target=\"_blank\" rel=\"noreferrer noopener\">Enlace a tu Chromebook<\/a><\/strong><\/p><\/blockquote><\/figure>\n\n\n\n<figure class=\"wp-block-image size-large\"><img loading=\"lazy\" decoding=\"async\" width=\"1024\" height=\"419\" src=\"http:\/\/ieselmedano.org\/wp-content\/uploads\/2020\/06\/6-1024x419.png\" alt=\"\" class=\"wp-image-1478\" srcset=\"https:\/\/ieselmedano.org\/wp-content\/uploads\/2020\/06\/6-1024x419.png 1024w, https:\/\/ieselmedano.org\/wp-content\/uploads\/2020\/06\/6-300x123.png 300w, https:\/\/ieselmedano.org\/wp-content\/uploads\/2020\/06\/6-768x314.png 768w, https:\/\/ieselmedano.org\/wp-content\/uploads\/2020\/06\/6.png 1361w\" sizes=\"(max-width: 1024px) 100vw, 1024px\" \/><figcaption><a href=\"https:\/\/ieselmedano.tiendacco.es\/\" target=\"_blank\" rel=\"noreferrer noopener\">https:\/\/ieselmedano.tiendacco.es\/<\/a><\/figcaption><\/figure>\n\n\n","protected":false},"excerpt":{"rendered":"<p>Desde hace varios cursos, el Proyecto Educativo del IES EL M\u00c9DANO ha venido realizando cambios transformadores en el desarrollo de la competencia digital y en la puesta en pr\u00e1ctica de metodolog\u00edas activas y participativas, como una de sus principales l\u00edneas de trabajo. Desde el pilotaje del Programa Br\u00fajula 20 durante los cursos 2018\/19 y 2019\/20<\/p>\n","protected":false},"author":3,"featured_media":1638,"parent":93,"menu_order":0,"comment_status":"closed","ping_status":"closed","template":"about-us.php","meta":{"_monsterinsights_skip_tracking":false,"_monsterinsights_sitenote_active":false,"_monsterinsights_sitenote_note":"","_monsterinsights_sitenote_category":0,"footnotes":""},"_links":{"self":[{"href":"https:\/\/ieselmedano.org\/index.php\/wp-json\/wp\/v2\/pages\/1633"}],"collection":[{"href":"https:\/\/ieselmedano.org\/index.php\/wp-json\/wp\/v2\/pages"}],"about":[{"href":"https:\/\/ieselmedano.org\/index.php\/wp-json\/wp\/v2\/types\/page"}],"author":[{"embeddable":true,"href":"https:\/\/ieselmedano.org\/index.php\/wp-json\/wp\/v2\/users\/3"}],"replies":[{"embeddable":true,"href":"https:\/\/ieselmedano.org\/index.php\/wp-json\/wp\/v2\/comments?post=1633"}],"version-history":[{"count":22,"href":"https:\/\/ieselmedano.org\/index.php\/wp-json\/wp\/v2\/pages\/1633\/revisions"}],"predecessor-version":[{"id":2753,"href":"https:\/\/ieselmedano.org\/index.php\/wp-json\/wp\/v2\/pages\/1633\/revisions\/2753"}],"up":[{"embeddable":true,"href":"https:\/\/ieselmedano.org\/index.php\/wp-json\/wp\/v2\/pages\/93"}],"wp:featuredmedia":[{"embeddable":true,"href":"https:\/\/ieselmedano.org\/index.php\/wp-json\/wp\/v2\/media\/1638"}],"wp:attachment":[{"href":"https:\/\/ieselmedano.org\/index.php\/wp-json\/wp\/v2\/media?parent=1633"}],"curies":[{"name":"wp","href":"https:\/\/api.w.org\/{rel}","templated":true}]}}